{"id":4625,"date":"2020-03-13T23:02:27","date_gmt":"2020-03-13T23:02:27","guid":{"rendered":"https:\/\/elect.al\/contact\/"},"modified":"2022-11-04T18:08:54","modified_gmt":"2022-11-04T18:08:54","slug":"kontakt","status":"publish","type":"page","link":"https:\/\/elect.al\/sq\/kontakt\/","title":{"rendered":"Kontakt"},"content":{"rendered":"<p>[vc_row full_width=&#8221;stretch_row&#8221; el_class=&#8221;custom-left-bck-style-2&#8243;][vc_column offset=&#8221;vc_col-lg-5 vc_col-md-5&#8243;]<div  class=\"empty-space  marg-lg-b80 marg-md-b70 marg-sm-b70 marg-xs-b50\"><\/div><div  class=\"tt-title heading-on-left\"><div class=\"tt-title-cat\">Elect<\/div><h2 class=\"c-h2\"><small>Kontakt<\/small><\/h2><\/div><div  class=\"empty-space  marg-lg-b20 marg-md-b20 marg-sm-b20 marg-xs-b20\"><\/div><div class=\"text-block \" ><div class=\"simple-text \"><p>Le t\u00eb mbetemi n\u00eb kontakt dhe t\u00eb punojm\u00eb s\u00eb bashku p\u00ebr t\u00eb arritur q\u00ebllimet e biznesit tuaj.<\/p>\n<p>N\u00ebse keni k\u00ebrkesa t\u00eb tjera, ju lutem na kontaktoni p\u00ebrmes form\u00ebs, ose na telefononi.<\/p>\n<\/div><\/div><div  class=\"empty-space  marg-lg-b30 marg-md-b30 marg-sm-b30 marg-xs-b30\"><\/div>[vc_row_inner equal_height=&#8221;yes&#8221;][vc_column_inner width=&#8221;1\/12&#8243; offset=&#8221;vc_col-lg-2 vc_col-md-2 vc_col-xs-2&#8243;][vc_icon icon_fontawesome=&#8221;fa fa-location-arrow&#8221; color=&#8221;custom&#8221; custom_color=&#8221;#21d851&#8243;][\/vc_column_inner][vc_column_inner width=&#8221;1\/4&#8243; offset=&#8221;vc_col-lg-10 vc_col-md-10 vc_col-xs-10&#8243;][vc_custom_heading text=&#8221;Adresa&#8221; font_container=&#8221;tag:p|font_size:21px|text_align:left|color:%2330373b|line_height:28px&#8221; google_fonts=&#8221;font_family:Roboto%3A100%2C100italic%2C300%2C300italic%2Cregular%2Citalic%2C500%2C500italic%2C700%2C700italic%2C900%2C900italic|font_style:500%20bold%20regular%3A500%3Anormal&#8221; css=&#8221;.vc_custom_1598180992031{margin-bottom: 0px !important;}&#8221;]<div class=\"text-block \" ><div class=\"simple-text \"><p>Rr. Ndre Mjeda, Pallati 5, Kati 1 Tirana<\/p>\n<\/div><\/div>[\/vc_column_inner][vc_column_inner width=&#8221;1\/12&#8243; offset=&#8221;vc_col-lg-2 vc_col-md-2 vc_col-xs-2&#8243;][vc_icon icon_fontawesome=&#8221;fa fa-at&#8221; color=&#8221;custom&#8221; custom_color=&#8221;#21d851&#8243;][\/vc_column_inner][vc_column_inner width=&#8221;1\/4&#8243; offset=&#8221;vc_col-lg-10 vc_col-md-10 vc_col-xs-10&#8243;][vc_custom_heading text=&#8221;E-mail&#8221; font_container=&#8221;tag:p|font_size:21px|text_align:left|color:%2330373b|line_height:28px&#8221; google_fonts=&#8221;font_family:Roboto%3A100%2C100italic%2C300%2C300italic%2Cregular%2Citalic%2C500%2C500italic%2C700%2C700italic%2C900%2C900italic|font_style:500%20bold%20regular%3A500%3Anormal&#8221; css=&#8221;.vc_custom_1590792436849{margin-bottom: 0px !important;}&#8221;]<div class=\"text-block \" ><div class=\"simple-text \"><p><a href=\"mailto:info@elect.al\">info@elect.al<\/a><\/p>\n<\/div><\/div>[\/vc_column_inner][vc_column_inner width=&#8221;1\/12&#8243; offset=&#8221;vc_col-lg-2 vc_col-md-2 vc_col-xs-2&#8243;][vc_icon icon_fontawesome=&#8221;fa fa-phone&#8221; color=&#8221;custom&#8221; custom_color=&#8221;#21d851&#8243;][\/vc_column_inner][vc_column_inner width=&#8221;1\/4&#8243; offset=&#8221;vc_col-lg-10 vc_col-md-10 vc_col-xs-10&#8243;][vc_custom_heading text=&#8221;Telefoni&#8221; font_container=&#8221;tag:p|font_size:21px|text_align:left|color:%2330373b|line_height:28px&#8221; google_fonts=&#8221;font_family:Roboto%3A100%2C100italic%2C300%2C300italic%2Cregular%2Citalic%2C500%2C500italic%2C700%2C700italic%2C900%2C900italic|font_style:500%20bold%20regular%3A500%3Anormal&#8221; css=&#8221;.vc_custom_1598181070335{margin-bottom: 0px !important;}&#8221;]<div class=\"text-block \" ><div class=\"simple-text \"><p><a href=\"tel:+355693685903\">+355 69 368 5903<\/a><\/p>\n<\/div><\/div>[\/vc_column_inner][\/vc_row_inner]<div  class=\"empty-space  marg-lg-b80 marg-md-b10 marg-sm-b10 marg-xs-b5\"><\/div>[\/vc_column][vc_column offset=&#8221;vc_col-lg-7 vc_col-md-7&#8243;]<div  class=\"empty-space  marg-lg-b80 marg-md-b70 marg-sm-b10 marg-xs-b5\"><\/div>[vc_row_inner el_class=&#8221;ctf-col&#8221;][vc_column_inner el_class=&#8221;custom-ctf-wrapper&#8221;]<div  class=\"tt-title heading-on-left heading-white\"><div class=\"tt-title-cat\">Say Hello<\/div><h2 class=\"c-h2\"><small>Na Pyesni!<\/small><\/h2><\/div><div  class=\"empty-space  marg-lg-b20 marg-md-b20 marg-sm-b20 marg-xs-b20\"><\/div>\n<div class=\"wpcf7 no-js\" id=\"wpcf7-f3657-o1\" lang=\"en-US\" dir=\"ltr\" data-wpcf7-id=\"3657\">\n<div class=\"screen-reader-response\"><p role=\"status\" aria-live=\"polite\" aria-atomic=\"true\"><\/p> <ul><\/ul><\/div>\n<form action=\"\/sq\/wp-json\/wp\/v2\/pages\/4625#wpcf7-f3657-o1\" method=\"post\" class=\"wpcf7-form init\" aria-label=\"Contact form\" novalidate=\"novalidate\" data-status=\"init\">\n<fieldset class=\"hidden-fields-container\"><input type=\"hidden\" name=\"_wpcf7\" value=\"3657\" \/><input type=\"hidden\" name=\"_wpcf7_version\" value=\"6.1.5\" \/><input type=\"hidden\" name=\"_wpcf7_locale\" value=\"en_US\" \/><input type=\"hidden\" name=\"_wpcf7_unit_tag\" value=\"wpcf7-f3657-o1\" \/><input type=\"hidden\" name=\"_wpcf7_container_post\" value=\"0\" \/><input type=\"hidden\" name=\"_wpcf7_posted_data_hash\" value=\"\" \/>\n<\/fieldset>\n<div class=\"row\">\n\t<div class=\"col-md-6\">\n\t\t<p><label class=\"c-input-4-wrapper name-field\"><span class=\"wpcf7-form-control-wrap\" data-name=\"your-name\"><input size=\"40\" maxlength=\"400\" class=\"wpcf7-form-control wpcf7-text wpcf7-validates-as-required c-input type-1\" aria-required=\"true\" aria-invalid=\"false\" placeholder=\"Name\" value=\"\" type=\"text\" name=\"your-name\" \/><\/span> <\/label>\n\t\t<\/p>\n\t<\/div>\n\t<div class=\"col-md-6\">\n\t\t<p><label class=\"c-input-4-wrapper email-field\"><span class=\"wpcf7-form-control-wrap\" data-name=\"your-email\"><input size=\"40\" maxlength=\"400\" class=\"wpcf7-form-control wpcf7-email wpcf7-validates-as-required wpcf7-text wpcf7-validates-as-email c-input type-1\" aria-required=\"true\" aria-invalid=\"false\" placeholder=\"Email\" value=\"\" type=\"email\" name=\"your-email\" \/><\/span> <\/label>\n\t\t<\/p>\n\t<\/div>\n\t<div class=\"col-md-6\">\n\t\t<p><label class=\"c-input-4-wrapper tel-field\"><span class=\"wpcf7-form-control-wrap\" data-name=\"tel-526\"><input size=\"40\" maxlength=\"400\" class=\"wpcf7-form-control wpcf7-tel wpcf7-validates-as-required wpcf7-text wpcf7-validates-as-tel c-input type-1\" aria-required=\"true\" aria-invalid=\"false\" placeholder=\"Phone Number\" value=\"\" type=\"tel\" name=\"tel-526\" \/><\/span> <\/label>\n\t\t<\/p>\n\t<\/div>\n\t<div class=\"col-md-6\">\n\t\t<p><label class=\"c-input-4-wrapper comp-field\"><span class=\"wpcf7-form-control-wrap\" data-name=\"your-company\"><input size=\"40\" maxlength=\"400\" class=\"wpcf7-form-control wpcf7-text wpcf7-validates-as-required c-input type-1\" aria-required=\"true\" aria-invalid=\"false\" placeholder=\"Company\" value=\"\" type=\"text\" name=\"your-company\" \/><\/span> <\/label>\n\t\t<\/p>\n\t<\/div>\n\t<div class=\"col-md-12\">\n\t\t<p><label class=\"c-input-4-wrapper msg-field\"><span class=\"wpcf7-form-control-wrap\" data-name=\"your-message\"><textarea cols=\"40\" rows=\"6\" maxlength=\"2000\" class=\"wpcf7-form-control wpcf7-textarea c-area type-1\" aria-invalid=\"false\" placeholder=\"Let us Know\" name=\"your-message\"><\/textarea><\/span> <\/label>\n\t\t<\/p>\n\t<\/div>\n\t<div class=\"col-lg-12\">\n\t\t<p><input class=\"wpcf7-form-control wpcf7-submit has-spinner c-btn type-2 button-hover-green\" type=\"submit\" value=\"Send\" \/>\n\t\t<\/p>\n\t<\/div>\n<\/div><div class=\"wpcf7-response-output\" aria-hidden=\"true\"><\/div>\n<\/form>\n<\/div>\n[\/vc_column_inner][\/vc_row_inner]<div  class=\"empty-space  marg-lg-b80 marg-md-b70 marg-sm-b70 marg-xs-b50\"><\/div>[\/vc_column][\/vc_row][vc_row][vc_column]<div  class=\"empty-space  marg-lg-b80 marg-md-b70 marg-sm-b5 marg-xs-b5\"><\/div>[\/vc_column][\/vc_row][vc_row full_width=&#8221;stretch_row_content&#8221;][vc_column]<div class=\"text-block \" ><div class=\"simple-text size-4\"><p><iframe loading=\"lazy\" style=\"border: 0;\" tabindex=\"0\" src=\"https:\/\/www.google.com\/maps\/embed?pb=!1m14!1m8!1m3!1d3563.0319287585517!2d19.792782681978736!3d41.327552078936115!3m2!1i1024!2i768!4f13.1!3m3!1m2!1s0x0%3A0x2708b8d9f5a6d07f!2sElect!5e0!3m2!1sen!2s!4v1592264643585!5m2!1sen!2s\" width=\"100%\" height=\"450\" frameborder=\"0\" allowfullscreen=\"allowfullscreen\" aria-hidden=\"false\"><\/iframe><\/p>\n<\/div><\/div>[\/vc_column][\/vc_row][vc_row full_width=&#8221;stretch_row_content_no_spaces&#8221; el_class=&#8221;cta-row-before-footer&#8221;][vc_column][vc_raw_html css=&#8221;.vc_custom_1664900428657{margin-bottom: 0px !important;}&#8221;]JTIwJTIwJTNDZGl2JTIwY2xhc3MlM0QlMjJjb250YWluZXItZmx1aWQlMjByb3ctYmVmb3JlLWN0YS1zcSUyMiUzRSUwQSUwOSUzQ2RpdiUyMGNsYXNzJTNEJTIycm93JTIwYmVmb3JlLWZvb3RlciUyMiUzRSUwQSUwOSUwOSUzQ2RpdiUyMGNsYXNzJTNEJTIyY29sLW1kLTYlMjBzdGFydC1wcm9qZWN0JTIyJTNFJTBBJTA5JTA5JTA5JTNDYSUyMGhyZWYlM0QlMjIlMkZzcSUyRmtvbnRha3QlMkYlMjIlM0UlMEElMDklMDklMDklMDklM0NkaXYlMjBjbGFzcyUzRCUyMmVtcHR5LXNwYWNlJTIwJTIwbWFyZy1sZy1iMTAwJTIwbWFyZy1tZC1iNzAlMjBtYXJnLXNtLWI3MCUyMG1hcmcteHMtYjUwJTIyJTNFJTNDJTJGZGl2JTNFJTBBJTA5JTA5JTA5JTA5JTNDcCUyMGNsYXNzJTNEJTIyZi1saXR0bGUtdGl0dGxlJTIyJTNFS29udGFrdG9uaSUzQyUyRnAlM0UlMEElMDklMDklMDklMDklM0NkaXYlMjBjbGFzcyUzRCUyMmVtcHR5LXNwYWNlJTIwJTIwbWFyZy1sZy1iMTUlMjBtYXJnLW1kLWIxNSUyMG1hcmctc20tYjE1JTIwbWFyZy14cy1iMTUlMjIlM0UlM0MlMkZkaXYlM0UlMEElMDklMDklMDklMDklM0NwJTIwY2xhc3MlM0QlMjJmLWJpZy10aXR0bGUlMjIlM0VGaWxsb2ptJUMzJUFCJTIwUHJvamVrdGluJTIwUyVDMyVBQiUyMEJhc2hrdSUzQyUyRnAlM0UlMEElMDklMDklMDklMDklM0NkaXYlMjBjbGFzcyUzRCUyMmVtcHR5LXNwYWNlJTIwJTIwbWFyZy1sZy1iMTAwJTIwbWFyZy1tZC1iNzAlMjBtYXJnLXNtLWI3MCUyMG1hcmcteHMtYjUwJTIyJTNFJTNDJTJGZGl2JTNFJTBBJTA5JTA5JTA5JTNDJTJGYSUzRSUwQSUwOSUwOSUzQyUyRmRpdiUzRSUwQSUwOSUwOSUzQ2RpdiUyMGNsYXNzJTNEJTIyY29sLW1kLTYlMjB3b3JrLXdpdGgtdXMlMjIlM0UlMEElMDklMDklMDklM0NhJTIwaHJlZiUzRCUyMiUyRnNxJTJGa29udGFrdCUyRiUyMiUzRSUwQSUwOSUwOSUwOSUwOSUzQ2RpdiUyMGNsYXNzJTNEJTIyZW1wdHktc3BhY2UlMjAlMjBtYXJnLWxnLWIxMDAlMjBtYXJnLW1kLWI3MCUyMG1hcmctc20tYjcwJTIwbWFyZy14cy1iNTAlMjIlM0UlM0MlMkZkaXYlM0UlMEElMDklMDklMDklMDklM0NwJTIwY2xhc3MlM0QlMjJmLWxpdHRsZS10aXR0bGUlMjIlM0VEaXNrdXRvam0lQzMlQUIlM0MlMkZwJTNFJTBBJTA5JTA5JTA5JTA5JTNDZGl2JTIwY2xhc3MlM0QlMjJlbXB0eS1zcGFjZSUyMCUyMG1hcmctbGctYjE1JTIwbWFyZy1tZC1iMTUlMjBtYXJnLXNtLWIxNSUyMG1hcmcteHMtYjE1JTIyJTNFJTNDJTJGZGl2JTNFJTBBJTA5JTA5JTA5JTA5JTNDcCUyMGNsYXNzJTNEJTIyZi1iaWctdGl0dGxlJTIyJTNFTmElMjBGbGlzbmklMjBScmV0aCUyMFByb2pla3RpdCUyMFR1YWolM0MlMkZwJTNFJTBBJTA5JTA5JTA5JTA5JTNDZGl2JTIwY2xhc3MlM0QlMjJlbXB0eS1zcGFjZSUyMCUyMG1hcmctbGctYjEwMCUyMG1hcmctbWQtYjcwJTIwbWFyZy1zbS1iNzAlMjBtYXJnLXhzLWI1MCUyMiUzRSUzQyUyRmRpdiUzRSUwQSUwOSUwOSUwOSUzQyUyRmElM0UlMEElMDklMDklM0MlMkZkaXYlM0UlMEElMDklM0MlMkZkaXYlM0UlMEElMjAlMjAlM0MlMkZkaXYlM0U=[\/vc_raw_html][\/vc_column][\/vc_row]<\/p>\n","protected":false},"excerpt":{"rendered":"<p>[vc_row full_width=&#8221;stretch_row&#8221; el_class=&#8221;custom-left-bck-style-2&#8243;][vc_column offset=&#8221;vc_col-lg-5 vc_col-md-5&#8243;][vc_row_inner equal_height=&#8221;yes&#8221;][vc_column_inner width=&#8221;1\/12&#8243; offset=&#8221;vc_col-lg-2 vc_col-md-2 vc_col-xs-2&#8243;][vc_icon icon_fontawesome=&#8221;fa fa-location-arrow&#8221; color=&#8221;custom&#8221; custom_color=&#8221;#21d851&#8243;][\/vc_column_inner][vc_column_inner width=&#8221;1\/4&#8243; offset=&#8221;vc_col-lg-10 vc_col-md-10 vc_col-xs-10&#8243;][vc_custom_heading text=&#8221;Adresa&#8221; font_container=&#8221;tag:p|font_size:21px|text_align:left|color:%2330373b|line_height:28px&#8221; google_fonts=&#8221;font_family:Roboto%3A100%2C100italic%2C300%2C300italic%2Cregular%2Citalic%2C500%2C500italic%2C700%2C700italic%2C900%2C900italic|font_style:500%20bold%20regular%3A500%3Anormal&#8221; css=&#8221;.vc_custom_1598180992031{margin-bottom: 0px !important;}&#8221;][\/vc_column_inner][vc_column_inner width=&#8221;1\/12&#8243; offset=&#8221;vc_col-lg-2 vc_col-md-2 vc_col-xs-2&#8243;][vc_icon icon_fontawesome=&#8221;fa fa-at&#8221; color=&#8221;custom&#8221; custom_color=&#8221;#21d851&#8243;][\/vc_column_inner][vc_column_inner width=&#8221;1\/4&#8243; offset=&#8221;vc_col-lg-10 vc_col-md-10 vc_col-xs-10&#8243;][vc_custom_heading text=&#8221;E-mail&#8221; font_container=&#8221;tag:p|font_size:21px|text_align:left|color:%2330373b|line_height:28px&#8221; google_fonts=&#8221;font_family:Roboto%3A100%2C100italic%2C300%2C300italic%2Cregular%2Citalic%2C500%2C500italic%2C700%2C700italic%2C900%2C900italic|font_style:500%20bold%20regular%3A500%3Anormal&#8221; css=&#8221;.vc_custom_1590792436849{margin-bottom: 0px !important;}&#8221;][\/vc_column_inner][vc_column_inner width=&#8221;1\/12&#8243; offset=&#8221;vc_col-lg-2 vc_col-md-2 vc_col-xs-2&#8243;][vc_icon icon_fontawesome=&#8221;fa fa-phone&#8221; color=&#8221;custom&#8221; custom_color=&#8221;#21d851&#8243;][\/vc_column_inner][vc_column_inner width=&#8221;1\/4&#8243; offset=&#8221;vc_col-lg-10 vc_col-md-10 vc_col-xs-10&#8243;][vc_custom_heading text=&#8221;Telefoni&#8221; [&hellip;]<\/p>\n","protected":false},"author":1,"featured_media":0,"parent":0,"menu_order":0,"comment_status":"closed","ping_status":"closed","template":"","meta":{"footnotes":""},"class_list":["post-4625","page","type-page","status-publish","hentry"],"yoast_head":"<!-- This site is optimized with the Yoast SEO plugin v27.2 - https:\/\/yoast.com\/product\/yoast-seo-wordpress\/ -->\n<title>Kontakt \u2013 Elect<\/title>\n<meta name=\"description\" content=\"Le t\u00eb mbetemi n\u00eb kontakt dhe t\u00eb punojm\u00eb s\u00eb bashku p\u00ebr t\u00eb arritur q\u00ebllimet e biznesit tuaj. Na kontaktoni n\u00eb \u00e7do koh\u00eb p\u00ebrmes form\u00ebs: jemi n\u00eb dispozicionin tuaj!\" \/>\n<meta name=\"robots\" content=\"index, follow, max-snippet:-1, max-image-preview:large, max-video-preview:-1\" \/>\n<link rel=\"canonical\" href=\"https:\/\/elect.al\/sq\/kontakt\/\" \/>\n<meta property=\"og:locale\" content=\"sq_AL\" \/>\n<meta property=\"og:type\" content=\"article\" \/>\n<meta property=\"og:title\" content=\"Kontakt \u2013 Elect\" \/>\n<meta property=\"og:description\" content=\"Le t\u00eb mbetemi n\u00eb kontakt dhe t\u00eb punojm\u00eb s\u00eb bashku p\u00ebr t\u00eb arritur q\u00ebllimet e biznesit tuaj. Na kontaktoni n\u00eb \u00e7do koh\u00eb p\u00ebrmes form\u00ebs: jemi n\u00eb dispozicionin tuaj!\" \/>\n<meta property=\"og:url\" content=\"https:\/\/elect.al\/sq\/kontakt\/\" \/>\n<meta property=\"og:site_name\" content=\"Elect\" \/>\n<meta property=\"article:modified_time\" content=\"2022-11-04T18:08:54+00:00\" \/>\n<meta name=\"twitter:card\" content=\"summary_large_image\" \/>\n<meta name=\"twitter:title\" content=\"Kontakt \u2013 Elect\" \/>\n<meta name=\"twitter:description\" content=\"Le t\u00eb mbetemi n\u00eb kontakt dhe t\u00eb punojm\u00eb s\u00eb bashku p\u00ebr t\u00eb arritur q\u00ebllimet e biznesit tuaj. Na kontaktoni n\u00eb \u00e7do koh\u00eb p\u00ebrmes form\u00ebs: jemi n\u00eb dispozicionin tuaj!\" \/>\n<meta name=\"twitter:label1\" content=\"Est. reading time\" \/>\n\t<meta name=\"twitter:data1\" content=\"1 minute\" \/>\n<script type=\"application\/ld+json\" class=\"yoast-schema-graph\">{\"@context\":\"https:\/\/schema.org\",\"@graph\":[{\"@type\":\"WebPage\",\"@id\":\"https:\/\/elect.al\/sq\/kontakt\/\",\"url\":\"https:\/\/elect.al\/sq\/kontakt\/\",\"name\":\"Kontakt \u2013 Elect\",\"isPartOf\":{\"@id\":\"https:\/\/elect.al\/#website\"},\"datePublished\":\"2020-03-13T23:02:27+00:00\",\"dateModified\":\"2022-11-04T18:08:54+00:00\",\"description\":\"Le t\u00eb mbetemi n\u00eb kontakt dhe t\u00eb punojm\u00eb s\u00eb bashku p\u00ebr t\u00eb arritur q\u00ebllimet e biznesit tuaj. Na kontaktoni n\u00eb \u00e7do koh\u00eb p\u00ebrmes form\u00ebs: jemi n\u00eb dispozicionin tuaj!\",\"breadcrumb\":{\"@id\":\"https:\/\/elect.al\/sq\/kontakt\/#breadcrumb\"},\"inLanguage\":\"sq-AL\",\"potentialAction\":[{\"@type\":\"ReadAction\",\"target\":[\"https:\/\/elect.al\/sq\/kontakt\/\"]}]},{\"@type\":\"BreadcrumbList\",\"@id\":\"https:\/\/elect.al\/sq\/kontakt\/#breadcrumb\",\"itemListElement\":[{\"@type\":\"ListItem\",\"position\":1,\"name\":\"Home\",\"item\":\"https:\/\/elect.al\/sq\/\"},{\"@type\":\"ListItem\",\"position\":2,\"name\":\"Kontakt\"}]},{\"@type\":\"WebSite\",\"@id\":\"https:\/\/elect.al\/#website\",\"url\":\"https:\/\/elect.al\/\",\"name\":\"Elect\",\"description\":\"Web Agency\",\"potentialAction\":[{\"@type\":\"SearchAction\",\"target\":{\"@type\":\"EntryPoint\",\"urlTemplate\":\"https:\/\/elect.al\/?s={search_term_string}\"},\"query-input\":{\"@type\":\"PropertyValueSpecification\",\"valueRequired\":true,\"valueName\":\"search_term_string\"}}],\"inLanguage\":\"sq-AL\"}]}<\/script>\n<!-- \/ Yoast SEO plugin. -->","yoast_head_json":{"title":"Kontakt \u2013 Elect","description":"Le t\u00eb mbetemi n\u00eb kontakt dhe t\u00eb punojm\u00eb s\u00eb bashku p\u00ebr t\u00eb arritur q\u00ebllimet e biznesit tuaj. Na kontaktoni n\u00eb \u00e7do koh\u00eb p\u00ebrmes form\u00ebs: jemi n\u00eb dispozicionin tuaj!","robots":{"index":"index","follow":"follow","max-snippet":"max-snippet:-1","max-image-preview":"max-image-preview:large","max-video-preview":"max-video-preview:-1"},"canonical":"https:\/\/elect.al\/sq\/kontakt\/","og_locale":"sq_AL","og_type":"article","og_title":"Kontakt \u2013 Elect","og_description":"Le t\u00eb mbetemi n\u00eb kontakt dhe t\u00eb punojm\u00eb s\u00eb bashku p\u00ebr t\u00eb arritur q\u00ebllimet e biznesit tuaj. Na kontaktoni n\u00eb \u00e7do koh\u00eb p\u00ebrmes form\u00ebs: jemi n\u00eb dispozicionin tuaj!","og_url":"https:\/\/elect.al\/sq\/kontakt\/","og_site_name":"Elect","article_modified_time":"2022-11-04T18:08:54+00:00","twitter_card":"summary_large_image","twitter_title":"Kontakt \u2013 Elect","twitter_description":"Le t\u00eb mbetemi n\u00eb kontakt dhe t\u00eb punojm\u00eb s\u00eb bashku p\u00ebr t\u00eb arritur q\u00ebllimet e biznesit tuaj. Na kontaktoni n\u00eb \u00e7do koh\u00eb p\u00ebrmes form\u00ebs: jemi n\u00eb dispozicionin tuaj!","twitter_misc":{"Est. reading time":"1 minute"},"schema":{"@context":"https:\/\/schema.org","@graph":[{"@type":"WebPage","@id":"https:\/\/elect.al\/sq\/kontakt\/","url":"https:\/\/elect.al\/sq\/kontakt\/","name":"Kontakt \u2013 Elect","isPartOf":{"@id":"https:\/\/elect.al\/#website"},"datePublished":"2020-03-13T23:02:27+00:00","dateModified":"2022-11-04T18:08:54+00:00","description":"Le t\u00eb mbetemi n\u00eb kontakt dhe t\u00eb punojm\u00eb s\u00eb bashku p\u00ebr t\u00eb arritur q\u00ebllimet e biznesit tuaj. Na kontaktoni n\u00eb \u00e7do koh\u00eb p\u00ebrmes form\u00ebs: jemi n\u00eb dispozicionin tuaj!","breadcrumb":{"@id":"https:\/\/elect.al\/sq\/kontakt\/#breadcrumb"},"inLanguage":"sq-AL","potentialAction":[{"@type":"ReadAction","target":["https:\/\/elect.al\/sq\/kontakt\/"]}]},{"@type":"BreadcrumbList","@id":"https:\/\/elect.al\/sq\/kontakt\/#breadcrumb","itemListElement":[{"@type":"ListItem","position":1,"name":"Home","item":"https:\/\/elect.al\/sq\/"},{"@type":"ListItem","position":2,"name":"Kontakt"}]},{"@type":"WebSite","@id":"https:\/\/elect.al\/#website","url":"https:\/\/elect.al\/","name":"Elect","description":"Web Agency","potentialAction":[{"@type":"SearchAction","target":{"@type":"EntryPoint","urlTemplate":"https:\/\/elect.al\/?s={search_term_string}"},"query-input":{"@type":"PropertyValueSpecification","valueRequired":true,"valueName":"search_term_string"}}],"inLanguage":"sq-AL"}]}},"_links":{"self":[{"href":"https:\/\/elect.al\/sq\/wp-json\/wp\/v2\/pages\/4625","targetHints":{"allow":["GET"]}}],"collection":[{"href":"https:\/\/elect.al\/sq\/wp-json\/wp\/v2\/pages"}],"about":[{"href":"https:\/\/elect.al\/sq\/wp-json\/wp\/v2\/types\/page"}],"author":[{"embeddable":true,"href":"https:\/\/elect.al\/sq\/wp-json\/wp\/v2\/users\/1"}],"replies":[{"embeddable":true,"href":"https:\/\/elect.al\/sq\/wp-json\/wp\/v2\/comments?post=4625"}],"version-history":[{"count":17,"href":"https:\/\/elect.al\/sq\/wp-json\/wp\/v2\/pages\/4625\/revisions"}],"predecessor-version":[{"id":5700,"href":"https:\/\/elect.al\/sq\/wp-json\/wp\/v2\/pages\/4625\/revisions\/5700"}],"wp:attachment":[{"href":"https:\/\/elect.al\/sq\/wp-json\/wp\/v2\/media?parent=4625"}],"curies":[{"name":"wp","href":"https:\/\/api.w.org\/{rel}","templated":true}]}}