{"id":4602,"date":"2020-03-13T22:36:54","date_gmt":"2020-03-13T22:36:54","guid":{"rendered":"https:\/\/elect.al\/blog\/"},"modified":"2022-11-04T18:08:34","modified_gmt":"2022-11-04T18:08:34","slug":"blog","status":"publish","type":"page","link":"https:\/\/elect.al\/sq\/blog\/","title":{"rendered":"Blog"},"content":{"rendered":"<p>[vc_row full_width=&#8221;stretch_row_content_no_spaces&#8221; el_class=&#8221;cta-row-before-footer&#8221;][vc_column][vc_raw_html css=&#8221;.vc_custom_1649677104321{margin-bottom: 0px !important;}&#8221;]JTIwJTIwJTNDZGl2JTIwY2xhc3MlM0QlMjJjb250YWluZXItZmx1aWQlMjByb3ctYmVmb3JlLWN0YS1zcSUyMiUzRSUwQSUwOSUzQ2RpdiUyMGNsYXNzJTNEJTIycm93JTIwYmVmb3JlLWZvb3RlciUyMiUzRSUwQSUwOSUwOSUzQ2RpdiUyMGNsYXNzJTNEJTIyY29sLW1kLTYlMjBzdGFydC1wcm9qZWN0JTIyJTNFJTBBJTA5JTA5JTA5JTNDYSUyMGhyZWYlM0QlMjIlMkZzcSUyRmtvbnRha3QlMkYlMjIlM0UlMEElMDklMDklMDklMDklM0NkaXYlMjBjbGFzcyUzRCUyMmVtcHR5LXNwYWNlJTIwJTIwbWFyZy1sZy1iMTAwJTIwbWFyZy1tZC1iNzAlMjBtYXJnLXNtLWI3MCUyMG1hcmcteHMtYjUwJTIyJTNFJTNDJTJGZGl2JTNFJTBBJTA5JTA5JTA5JTA5JTNDcCUyMGNsYXNzJTNEJTIyZi1saXR0bGUtdGl0dGxlJTIyJTNFS29udGFrdG9uaSUzQyUyRnAlM0UlMEElMDklMDklMDklMDklM0NkaXYlMjBjbGFzcyUzRCUyMmVtcHR5LXNwYWNlJTIwJTIwbWFyZy1sZy1iMTUlMjBtYXJnLW1kLWIxNSUyMG1hcmctc20tYjE1JTIwbWFyZy14cy1iMTUlMjIlM0UlM0MlMkZkaXYlM0UlMEElMDklMDklMDklMDklM0NwJTIwY2xhc3MlM0QlMjJmLWJpZy10aXR0bGUlMjIlM0VGaWxsb2ptJUMzJUFCJTIwcHJvamVrdGluJTIwcyVDMyVBQiUyMGJhc2hrdSUzQyUyRnAlM0UlMEElMDklMDklMDklMDklM0NkaXYlMjBjbGFzcyUzRCUyMmVtcHR5LXNwYWNlJTIwJTIwbWFyZy1sZy1iMTAwJTIwbWFyZy1tZC1iNzAlMjBtYXJnLXNtLWI3MCUyMG1hcmcteHMtYjUwJTIyJTNFJTNDJTJGZGl2JTNFJTBBJTA5JTA5JTA5JTNDJTJGYSUzRSUwQSUwOSUwOSUzQyUyRmRpdiUzRSUwQSUwOSUwOSUzQ2RpdiUyMGNsYXNzJTNEJTIyY29sLW1kLTYlMjB3b3JrLXdpdGgtdXMlMjIlM0UlMEElMDklMDklMDklM0NhJTIwaHJlZiUzRCUyMiUyRnNxJTJGa29udGFrdCUyRiUyMiUzRSUwQSUwOSUwOSUwOSUwOSUzQ2RpdiUyMGNsYXNzJTNEJTIyZW1wdHktc3BhY2UlMjAlMjBtYXJnLWxnLWIxMDAlMjBtYXJnLW1kLWI3MCUyMG1hcmctc20tYjcwJTIwbWFyZy14cy1iNTAlMjIlM0UlM0MlMkZkaXYlM0UlMEElMDklMDklMDklMDklM0NwJTIwY2xhc3MlM0QlMjJmLWxpdHRsZS10aXR0bGUlMjIlM0VEaXNrdXRvam0lQzMlQUIlM0MlMkZwJTNFJTBBJTA5JTA5JTA5JTA5JTNDZGl2JTIwY2xhc3MlM0QlMjJlbXB0eS1zcGFjZSUyMCUyMG1hcmctbGctYjE1JTIwbWFyZy1tZC1iMTUlMjBtYXJnLXNtLWIxNSUyMG1hcmcteHMtYjE1JTIyJTNFJTNDJTJGZGl2JTNFJTBBJTA5JTA5JTA5JTA5JTNDcCUyMGNsYXNzJTNEJTIyZi1iaWctdGl0dGxlJTIyJTNFTmElMjBGbGlzbmklMjBycmV0aCUyMFByb2pla3RpdCUyMHR1YWolM0MlMkZwJTNFJTBBJTA5JTA5JTA5JTA5JTNDZGl2JTIwY2xhc3MlM0QlMjJlbXB0eS1zcGFjZSUyMCUyMG1hcmctbGctYjEwMCUyMG1hcmctbWQtYjcwJTIwbWFyZy1zbS1iNzAlMjBtYXJnLXhzLWI1MCUyMiUzRSUzQyUyRmRpdiUzRSUwQSUwOSUwOSUwOSUzQyUyRmElM0UlMEElMDklMDklM0MlMkZkaXYlM0UlMEElMDklM0MlMkZkaXYlM0UlMEElMjAlMjAlM0MlMkZkaXYlM0U=[\/vc_raw_html][\/vc_column][\/vc_row]<\/p>\n","protected":false},"excerpt":{"rendered":"<p>[vc_row full_width=&#8221;stretch_row_content_no_spaces&#8221; el_class=&#8221;cta-row-before-footer&#8221;][vc_column][vc_raw_html css=&#8221;.vc_custom_1649677104321{margin-bottom: 0px !important;}&#8221;]JTIwJTIwJTNDZGl2JTIwY2xhc3MlM0QlMjJjb250YWluZXItZmx1aWQlMjByb3ctYmVmb3JlLWN0YS1zcSUyMiUzRSUwQSUwOSUzQ2RpdiUyMGNsYXNzJTNEJTIycm93JTIwYmVmb3JlLWZvb3RlciUyMiUzRSUwQSUwOSUwOSUzQ2RpdiUyMGNsYXNzJTNEJTIyY29sLW1kLTYlMjBzdGFydC1wcm9qZWN0JTIyJTNFJTBBJTA5JTA5JTA5JTNDYSUyMGhyZWYlM0QlMjIlMkZzcSUyRmtvbnRha3QlMkYlMjIlM0UlMEElMDklMDklMDklMDklM0NkaXYlMjBjbGFzcyUzRCUyMmVtcHR5LXNwYWNlJTIwJTIwbWFyZy1sZy1iMTAwJTIwbWFyZy1tZC1iNzAlMjBtYXJnLXNtLWI3MCUyMG1hcmcteHMtYjUwJTIyJTNFJTNDJTJGZGl2JTNFJTBBJTA5JTA5JTA5JTA5JTNDcCUyMGNsYXNzJTNEJTIyZi1saXR0bGUtdGl0dGxlJTIyJTNFS29udGFrdG9uaSUzQyUyRnAlM0UlMEElMDklMDklMDklMDklM0NkaXYlMjBjbGFzcyUzRCUyMmVtcHR5LXNwYWNlJTIwJTIwbWFyZy1sZy1iMTUlMjBtYXJnLW1kLWIxNSUyMG1hcmctc20tYjE1JTIwbWFyZy14cy1iMTUlMjIlM0UlM0MlMkZkaXYlM0UlMEElMDklMDklMDklMDklM0NwJTIwY2xhc3MlM0QlMjJmLWJpZy10aXR0bGUlMjIlM0VGaWxsb2ptJUMzJUFCJTIwcHJvamVrdGluJTIwcyVDMyVBQiUyMGJhc2hrdSUzQyUyRnAlM0UlMEElMDklMDklMDklMDklM0NkaXYlMjBjbGFzcyUzRCUyMmVtcHR5LXNwYWNlJTIwJTIwbWFyZy1sZy1iMTAwJTIwbWFyZy1tZC1iNzAlMjBtYXJnLXNtLWI3MCUyMG1hcmcteHMtYjUwJTIyJTNFJTNDJTJGZGl2JTNFJTBBJTA5JTA5JTA5JTNDJTJGYSUzRSUwQSUwOSUwOSUzQyUyRmRpdiUzRSUwQSUwOSUwOSUzQ2RpdiUyMGNsYXNzJTNEJTIyY29sLW1kLTYlMjB3b3JrLXdpdGgtdXMlMjIlM0UlMEElMDklMDklMDklM0NhJTIwaHJlZiUzRCUyMiUyRnNxJTJGa29udGFrdCUyRiUyMiUzRSUwQSUwOSUwOSUwOSUwOSUzQ2RpdiUyMGNsYXNzJTNEJTIyZW1wdHktc3BhY2UlMjAlMjBtYXJnLWxnLWIxMDAlMjBtYXJnLW1kLWI3MCUyMG1hcmctc20tYjcwJTIwbWFyZy14cy1iNTAlMjIlM0UlM0MlMkZkaXYlM0UlMEElMDklMDklMDklMDklM0NwJTIwY2xhc3MlM0QlMjJmLWxpdHRsZS10aXR0bGUlMjIlM0VEaXNrdXRvam0lQzMlQUIlM0MlMkZwJTNFJTBBJTA5JTA5JTA5JTA5JTNDZGl2JTIwY2xhc3MlM0QlMjJlbXB0eS1zcGFjZSUyMCUyMG1hcmctbGctYjE1JTIwbWFyZy1tZC1iMTUlMjBtYXJnLXNtLWIxNSUyMG1hcmcteHMtYjE1JTIyJTNFJTNDJTJGZGl2JTNFJTBBJTA5JTA5JTA5JTA5JTNDcCUyMGNsYXNzJTNEJTIyZi1iaWctdGl0dGxlJTIyJTNFTmElMjBGbGlzbmklMjBycmV0aCUyMFByb2pla3RpdCUyMHR1YWolM0MlMkZwJTNFJTBBJTA5JTA5JTA5JTA5JTNDZGl2JTIwY2xhc3MlM0QlMjJlbXB0eS1zcGFjZSUyMCUyMG1hcmctbGctYjEwMCUyMG1hcmctbWQtYjcwJTIwbWFyZy1zbS1iNzAlMjBtYXJnLXhzLWI1MCUyMiUzRSUzQyUyRmRpdiUzRSUwQSUwOSUwOSUwOSUzQyUyRmElM0UlMEElMDklMDklM0MlMkZkaXYlM0UlMEElMDklM0MlMkZkaXYlM0UlMEElMjAlMjAlM0MlMkZkaXYlM0U=[\/vc_raw_html][\/vc_column][\/vc_row]<\/p>\n","protected":false},"author":1,"featured_media":0,"parent":0,"menu_order":0,"comment_status":"closed","ping_status":"closed","template":"page-templates\/blog-masonry.php","meta":{"footnotes":""},"class_list":["post-4602","page","type-page","status-publish","hentry"],"yoast_head":"<!-- This site is optimized with the Yoast SEO plugin v27.2 - https:\/\/yoast.com\/product\/yoast-seo-wordpress\/ -->\n<title>Blog \u2013 Elect<\/title>\n<meta name=\"description\" content=\"Keni nevoj\u00eb p\u00ebr k\u00ebshilla se si t\u00eb forconi biznesin duke p\u00ebrdorur d\u00ebshmit\u00eb e klient\u00ebve apo se si t\u00eb p\u00ebrdorni rrjetet sociale? Elect \u00ebsht\u00eb k\u00ebtu p\u00ebr t\u2019ju ndihmuar!\" \/>\n<meta name=\"robots\" content=\"index, follow, max-snippet:-1, max-image-preview:large, max-video-preview:-1\" \/>\n<link rel=\"canonical\" href=\"https:\/\/elect.al\/sq\/blog\/\" \/>\n<meta property=\"og:locale\" content=\"sq_AL\" \/>\n<meta property=\"og:type\" content=\"article\" \/>\n<meta property=\"og:title\" content=\"Blog \u2013 Elect\" \/>\n<meta property=\"og:description\" content=\"Keni nevoj\u00eb p\u00ebr k\u00ebshilla se si t\u00eb forconi biznesin duke p\u00ebrdorur d\u00ebshmit\u00eb e klient\u00ebve apo se si t\u00eb p\u00ebrdorni rrjetet sociale? Elect \u00ebsht\u00eb k\u00ebtu p\u00ebr t\u2019ju ndihmuar!\" \/>\n<meta property=\"og:url\" content=\"https:\/\/elect.al\/sq\/blog\/\" \/>\n<meta property=\"og:site_name\" content=\"Elect\" \/>\n<meta property=\"article:modified_time\" content=\"2022-11-04T18:08:34+00:00\" \/>\n<meta name=\"twitter:card\" content=\"summary_large_image\" \/>\n<meta name=\"twitter:title\" content=\"Blog \u2013 Elect\" \/>\n<meta name=\"twitter:description\" content=\"Keni nevoj\u00eb p\u00ebr k\u00ebshilla se si t\u00eb forconi biznesin duke p\u00ebrdorur d\u00ebshmit\u00eb e klient\u00ebve apo se si t\u00eb p\u00ebrdorni rrjetet sociale? Elect \u00ebsht\u00eb k\u00ebtu p\u00ebr t\u2019ju ndihmuar!\" \/>\n<meta name=\"twitter:label1\" content=\"Est. reading time\" \/>\n\t<meta name=\"twitter:data1\" content=\"1 minute\" \/>\n<script type=\"application\/ld+json\" class=\"yoast-schema-graph\">{\"@context\":\"https:\/\/schema.org\",\"@graph\":[{\"@type\":\"WebPage\",\"@id\":\"https:\/\/elect.al\/sq\/blog\/\",\"url\":\"https:\/\/elect.al\/sq\/blog\/\",\"name\":\"Blog \u2013 Elect\",\"isPartOf\":{\"@id\":\"https:\/\/elect.al\/#website\"},\"datePublished\":\"2020-03-13T22:36:54+00:00\",\"dateModified\":\"2022-11-04T18:08:34+00:00\",\"description\":\"Keni nevoj\u00eb p\u00ebr k\u00ebshilla se si t\u00eb forconi biznesin duke p\u00ebrdorur d\u00ebshmit\u00eb e klient\u00ebve apo se si t\u00eb p\u00ebrdorni rrjetet sociale? Elect \u00ebsht\u00eb k\u00ebtu p\u00ebr t\u2019ju ndihmuar!\",\"breadcrumb\":{\"@id\":\"https:\/\/elect.al\/sq\/blog\/#breadcrumb\"},\"inLanguage\":\"sq-AL\",\"potentialAction\":[{\"@type\":\"ReadAction\",\"target\":[\"https:\/\/elect.al\/sq\/blog\/\"]}]},{\"@type\":\"BreadcrumbList\",\"@id\":\"https:\/\/elect.al\/sq\/blog\/#breadcrumb\",\"itemListElement\":[{\"@type\":\"ListItem\",\"position\":1,\"name\":\"Home\",\"item\":\"https:\/\/elect.al\/sq\/\"},{\"@type\":\"ListItem\",\"position\":2,\"name\":\"Blog\"}]},{\"@type\":\"WebSite\",\"@id\":\"https:\/\/elect.al\/#website\",\"url\":\"https:\/\/elect.al\/\",\"name\":\"Elect\",\"description\":\"Web Agency\",\"potentialAction\":[{\"@type\":\"SearchAction\",\"target\":{\"@type\":\"EntryPoint\",\"urlTemplate\":\"https:\/\/elect.al\/?s={search_term_string}\"},\"query-input\":{\"@type\":\"PropertyValueSpecification\",\"valueRequired\":true,\"valueName\":\"search_term_string\"}}],\"inLanguage\":\"sq-AL\"}]}<\/script>\n<!-- \/ Yoast SEO plugin. -->","yoast_head_json":{"title":"Blog \u2013 Elect","description":"Keni nevoj\u00eb p\u00ebr k\u00ebshilla se si t\u00eb forconi biznesin duke p\u00ebrdorur d\u00ebshmit\u00eb e klient\u00ebve apo se si t\u00eb p\u00ebrdorni rrjetet sociale? Elect \u00ebsht\u00eb k\u00ebtu p\u00ebr t\u2019ju ndihmuar!","robots":{"index":"index","follow":"follow","max-snippet":"max-snippet:-1","max-image-preview":"max-image-preview:large","max-video-preview":"max-video-preview:-1"},"canonical":"https:\/\/elect.al\/sq\/blog\/","og_locale":"sq_AL","og_type":"article","og_title":"Blog \u2013 Elect","og_description":"Keni nevoj\u00eb p\u00ebr k\u00ebshilla se si t\u00eb forconi biznesin duke p\u00ebrdorur d\u00ebshmit\u00eb e klient\u00ebve apo se si t\u00eb p\u00ebrdorni rrjetet sociale? Elect \u00ebsht\u00eb k\u00ebtu p\u00ebr t\u2019ju ndihmuar!","og_url":"https:\/\/elect.al\/sq\/blog\/","og_site_name":"Elect","article_modified_time":"2022-11-04T18:08:34+00:00","twitter_card":"summary_large_image","twitter_title":"Blog \u2013 Elect","twitter_description":"Keni nevoj\u00eb p\u00ebr k\u00ebshilla se si t\u00eb forconi biznesin duke p\u00ebrdorur d\u00ebshmit\u00eb e klient\u00ebve apo se si t\u00eb p\u00ebrdorni rrjetet sociale? Elect \u00ebsht\u00eb k\u00ebtu p\u00ebr t\u2019ju ndihmuar!","twitter_misc":{"Est. reading time":"1 minute"},"schema":{"@context":"https:\/\/schema.org","@graph":[{"@type":"WebPage","@id":"https:\/\/elect.al\/sq\/blog\/","url":"https:\/\/elect.al\/sq\/blog\/","name":"Blog \u2013 Elect","isPartOf":{"@id":"https:\/\/elect.al\/#website"},"datePublished":"2020-03-13T22:36:54+00:00","dateModified":"2022-11-04T18:08:34+00:00","description":"Keni nevoj\u00eb p\u00ebr k\u00ebshilla se si t\u00eb forconi biznesin duke p\u00ebrdorur d\u00ebshmit\u00eb e klient\u00ebve apo se si t\u00eb p\u00ebrdorni rrjetet sociale? Elect \u00ebsht\u00eb k\u00ebtu p\u00ebr t\u2019ju ndihmuar!","breadcrumb":{"@id":"https:\/\/elect.al\/sq\/blog\/#breadcrumb"},"inLanguage":"sq-AL","potentialAction":[{"@type":"ReadAction","target":["https:\/\/elect.al\/sq\/blog\/"]}]},{"@type":"BreadcrumbList","@id":"https:\/\/elect.al\/sq\/blog\/#breadcrumb","itemListElement":[{"@type":"ListItem","position":1,"name":"Home","item":"https:\/\/elect.al\/sq\/"},{"@type":"ListItem","position":2,"name":"Blog"}]},{"@type":"WebSite","@id":"https:\/\/elect.al\/#website","url":"https:\/\/elect.al\/","name":"Elect","description":"Web Agency","potentialAction":[{"@type":"SearchAction","target":{"@type":"EntryPoint","urlTemplate":"https:\/\/elect.al\/?s={search_term_string}"},"query-input":{"@type":"PropertyValueSpecification","valueRequired":true,"valueName":"search_term_string"}}],"inLanguage":"sq-AL"}]}},"_links":{"self":[{"href":"https:\/\/elect.al\/sq\/wp-json\/wp\/v2\/pages\/4602","targetHints":{"allow":["GET"]}}],"collection":[{"href":"https:\/\/elect.al\/sq\/wp-json\/wp\/v2\/pages"}],"about":[{"href":"https:\/\/elect.al\/sq\/wp-json\/wp\/v2\/types\/page"}],"author":[{"embeddable":true,"href":"https:\/\/elect.al\/sq\/wp-json\/wp\/v2\/users\/1"}],"replies":[{"embeddable":true,"href":"https:\/\/elect.al\/sq\/wp-json\/wp\/v2\/comments?post=4602"}],"version-history":[{"count":6,"href":"https:\/\/elect.al\/sq\/wp-json\/wp\/v2\/pages\/4602\/revisions"}],"predecessor-version":[{"id":5618,"href":"https:\/\/elect.al\/sq\/wp-json\/wp\/v2\/pages\/4602\/revisions\/5618"}],"wp:attachment":[{"href":"https:\/\/elect.al\/sq\/wp-json\/wp\/v2\/media?parent=4602"}],"curies":[{"name":"wp","href":"https:\/\/api.w.org\/{rel}","templated":true}]}}