{"id":4171,"date":"2020-03-13T22:36:54","date_gmt":"2020-03-13T22:36:54","guid":{"rendered":"https:\/\/elect.al\/blog\/"},"modified":"2022-11-24T12:51:11","modified_gmt":"2022-11-24T12:51:11","slug":"blog","status":"publish","type":"page","link":"https:\/\/elect.al\/it\/blog\/","title":{"rendered":"Blog"},"content":{"rendered":"<p>[vc_row][vc_column]  <div class=\"row\">\n        <div class=\"col-sm-4\">\n      <div class=\"tt-post post-5047 post type-post status-publish format-standard has-post-thumbnail hentry category-seo-it\">\n        <a class=\"tt-post-img custom-hover\" href=\"https:\/\/elect.al\/it\/i-vantaggi-del-local\/\">\n          <img loading=\"lazy\" decoding=\"async\" width=\"392\" height=\"230\" src=\"https:\/\/elect.al\/wp-content\/uploads\/2020\/05\/local-seo-strategy-392x230.jpg\" class=\"img-responsive wp-post-image\" alt=\"\" \/>        <\/a>\n        <div class=\"tt-post-info\">\n            <a class=\"tt-post-title c-h5\" href=\"https:\/\/elect.al\/it\/i-vantaggi-del-local\/\">I Vantaggi del Local<\/a>\n            <div class=\"tt-post-cat\">by Elect<\/div>\n            <div class=\"simple-text size-3\">\n              <p>Local SEO significa ottimizzazione dei motori di ricerca locale, \u00e8 una strategia che rende la tua attivit\u00e0 pi\u00f9 visibile...<\/p>\n            <\/div>\n            <a class=\"c-btn type-4\" href=\"https:\/\/elect.al\/it\/i-vantaggi-del-local\/\">Read More<\/a>   \n        <\/div>\n      <\/div>\n    <\/div>\n        <div class=\"col-sm-4\">\n      <div class=\"tt-post post-5043 post type-post status-publish format-standard has-post-thumbnail hentry category-marketing-it\">\n        <a class=\"tt-post-img custom-hover\" href=\"https:\/\/elect.al\/it\/perche-i-social-media-sono-importanti\/\">\n          <img loading=\"lazy\" decoding=\"async\" width=\"392\" height=\"230\" src=\"https:\/\/elect.al\/wp-content\/uploads\/2020\/04\/Social-Media-Marketing-392x230.jpg\" class=\"img-responsive wp-post-image\" alt=\"\" \/>        <\/a>\n        <div class=\"tt-post-info\">\n            <a class=\"tt-post-title c-h5\" href=\"https:\/\/elect.al\/it\/perche-i-social-media-sono-importanti\/\">Perch\u00e9 i social media sono importanti<\/a>\n            <div class=\"tt-post-cat\">by Elect<\/div>\n            <div class=\"simple-text size-3\">\n              <p>Il social media marketing \u00e8 la forma pi\u00f9 recente di marketing, che sta oscurando altre forme di marketing...<\/p>\n            <\/div>\n            <a class=\"c-btn type-4\" href=\"https:\/\/elect.al\/it\/perche-i-social-media-sono-importanti\/\">Read More<\/a>   \n        <\/div>\n      <\/div>\n    <\/div>\n        <div class=\"col-sm-4\">\n      <div class=\"tt-post post-5038 post type-post status-publish format-standard has-post-thumbnail hentry category-guides-it category-marketing-it tag-backlink-it tag-seo-it tag-tips-it\">\n        <a class=\"tt-post-img custom-hover\" href=\"https:\/\/elect.al\/it\/come-rafforzare-il-business-utilizzando-le-testimonianze-dei-clienti\/\">\n          <img loading=\"lazy\" decoding=\"async\" width=\"392\" height=\"230\" src=\"https:\/\/elect.al\/wp-content\/uploads\/2020\/03\/Testimonials-Elect-Web-Agency-392x230.jpg\" class=\"img-responsive wp-post-image\" alt=\"\" \/>        <\/a>\n        <div class=\"tt-post-info\">\n            <a class=\"tt-post-title c-h5\" href=\"https:\/\/elect.al\/it\/come-rafforzare-il-business-utilizzando-le-testimonianze-dei-clienti\/\">Come rafforzare il business utilizzando le testimonianze dei clienti<\/a>\n            <div class=\"tt-post-cat\">by Elect<\/div>\n            <div class=\"simple-text size-3\">\n              <p>Quando un utente, che pu\u00f2 essere un potenziale cliente, visita il tuo sito web per la prima volta...<\/p>\n            <\/div>\n            <a class=\"c-btn type-4\" href=\"https:\/\/elect.al\/it\/come-rafforzare-il-business-utilizzando-le-testimonianze-dei-clienti\/\">Read More<\/a>   \n        <\/div>\n      <\/div>\n    <\/div>\n      <\/div>\n\n  [\/vc_column][\/vc_row][vc_row full_width=&#8221;stretch_row_content_no_spaces&#8221; el_class=&#8221;cta-row-before-footer&#8221;][vc_column][vc_raw_html css=&#8221;.vc_custom_1601828417022{margin-bottom: 0px !important;}&#8221;]JTIwJTIwJTNDZGl2JTIwY2xhc3MlM0QlMjJjb250YWluZXItZmx1aWQlMjIlM0UlMEElMDklM0NkaXYlMjBjbGFzcyUzRCUyMnJvdyUyMGJlZm9yZS1mb290ZXIlMjIlM0UlMEElMDklMDklM0NkaXYlMjBjbGFzcyUzRCUyMmNvbC1tZC02JTIwc3RhcnQtcHJvamVjdCUyMiUzRSUwQSUwOSUwOSUwOSUzQ2ElMjBocmVmJTNEJTIyJTJGaXQlMkZjb250YWN0JTJGJTIyJTNFJTBBJTA5JTA5JTA5JTA5JTNDZGl2JTIwY2xhc3MlM0QlMjJlbXB0eS1zcGFjZSUyMCUyMG1hcmctbGctYjEwMCUyMG1hcmctbWQtYjcwJTIwbWFyZy1zbS1iNzAlMjBtYXJnLXhzLWI1MCUyMiUzRSUzQyUyRmRpdiUzRSUwQSUwOSUwOSUwOSUwOSUzQ3AlMjBjbGFzcyUzRCUyMmYtbGl0dGxlLXRpdHRsZSUyMiUzRURpc2N1dGlhbW8lM0MlMkZwJTNFJTBBJTA5JTA5JTA5JTA5JTNDZGl2JTIwY2xhc3MlM0QlMjJlbXB0eS1zcGFjZSUyMCUyMG1hcmctbGctYjE1JTIwbWFyZy1tZC1iMTUlMjBtYXJnLXNtLWIxNSUyMG1hcmcteHMtYjE1JTIyJTNFJTNDJTJGZGl2JTNFJTBBJTA5JTA5JTA5JTA5JTNDcCUyMGNsYXNzJTNEJTIyZi1iaWctdGl0dGxlJTIyJTNFUGFybGFjaSUyMGRlbCUyMHR1byUyMFByb2dldHRvJTNDJTJGcCUzRSUwQSUwOSUwOSUwOSUwOSUzQ2RpdiUyMGNsYXNzJTNEJTIyZW1wdHktc3BhY2UlMjAlMjBtYXJnLWxnLWIxMDAlMjBtYXJnLW1kLWI3MCUyMG1hcmctc20tYjcwJTIwbWFyZy14cy1iNTAlMjIlM0UlM0MlMkZkaXYlM0UlMEElMDklMDklMDklM0MlMkZhJTNFJTBBJTA5JTA5JTNDJTJGZGl2JTNFJTBBJTA5JTA5JTNDZGl2JTIwY2xhc3MlM0QlMjJjb2wtbWQtNiUyMHdvcmstd2l0aC11cyUyMiUzRSUwQSUwOSUwOSUwOSUzQ2ElMjBocmVmJTNEJTIyJTJGaXQlMkZjb250YWN0JTJGJTIyJTNFJTBBJTA5JTA5JTA5JTA5JTNDZGl2JTIwY2xhc3MlM0QlMjJlbXB0eS1zcGFjZSUyMCUyMG1hcmctbGctYjEwMCUyMG1hcmctbWQtYjcwJTIwbWFyZy1zbS1iNzAlMjBtYXJnLXhzLWI1MCUyMiUzRSUzQyUyRmRpdiUzRSUwQSUwOSUwOSUwOSUwOSUzQ3AlMjBjbGFzcyUzRCUyMmYtbGl0dGxlLXRpdHRsZSUyMiUzRUNvbnRhdHRhY2klM0MlMkZwJTNFJTBBJTA5JTA5JTA5JTA5JTNDZGl2JTIwY2xhc3MlM0QlMjJlbXB0eS1zcGFjZSUyMCUyMG1hcmctbGctYjE1JTIwbWFyZy1tZC1iMTUlMjBtYXJnLXNtLWIxNSUyMG1hcmcteHMtYjE1JTIyJTNFJTNDJTJGZGl2JTNFJTBBJTA5JTA5JTA5JTA5JTNDcCUyMGNsYXNzJTNEJTIyZi1iaWctdGl0dGxlJTIyJTNFQ29sbGFib3JhJTIwY29uJTIwTm9pJTNDJTJGcCUzRSUwQSUwOSUwOSUwOSUwOSUzQ2RpdiUyMGNsYXNzJTNEJTIyZW1wdHktc3BhY2UlMjAlMjBtYXJnLWxnLWIxMDAlMjBtYXJnLW1kLWI3MCUyMG1hcmctc20tYjcwJTIwbWFyZy14cy1iNTAlMjIlM0UlM0MlMkZkaXYlM0UlMEElMDklMDklMDklM0MlMkZhJTNFJTBBJTA5JTA5JTNDJTJGZGl2JTNFJTBBJTA5JTNDJTJGZGl2JTNFJTBBJTIwJTIwJTNDJTJGZGl2JTNF[\/vc_raw_html][\/vc_column][\/vc_row]<\/p>\n","protected":false},"excerpt":{"rendered":"<p>[vc_row][vc_column][\/vc_column][\/vc_row][vc_row full_width=&#8221;stretch_row_content_no_spaces&#8221; el_class=&#8221;cta-row-before-footer&#8221;][vc_column][vc_raw_html css=&#8221;.vc_custom_1601828417022{margin-bottom: 0px !important;}&#8221;]JTIwJTIwJTNDZGl2JTIwY2xhc3MlM0QlMjJjb250YWluZXItZmx1aWQlMjIlM0UlMEElMDklM0NkaXYlMjBjbGFzcyUzRCUyMnJvdyUyMGJlZm9yZS1mb290ZXIlMjIlM0UlMEElMDklMDklM0NkaXYlMjBjbGFzcyUzRCUyMmNvbC1tZC02JTIwc3RhcnQtcHJvamVjdCUyMiUzRSUwQSUwOSUwOSUwOSUzQ2ElMjBocmVmJTNEJTIyJTJGaXQlMkZjb250YWN0JTJGJTIyJTNFJTBBJTA5JTA5JTA5JTA5JTNDZGl2JTIwY2xhc3MlM0QlMjJlbXB0eS1zcGFjZSUyMCUyMG1hcmctbGctYjEwMCUyMG1hcmctbWQtYjcwJTIwbWFyZy1zbS1iNzAlMjBtYXJnLXhzLWI1MCUyMiUzRSUzQyUyRmRpdiUzRSUwQSUwOSUwOSUwOSUwOSUzQ3AlMjBjbGFzcyUzRCUyMmYtbGl0dGxlLXRpdHRsZSUyMiUzRURpc2N1dGlhbW8lM0MlMkZwJTNFJTBBJTA5JTA5JTA5JTA5JTNDZGl2JTIwY2xhc3MlM0QlMjJlbXB0eS1zcGFjZSUyMCUyMG1hcmctbGctYjE1JTIwbWFyZy1tZC1iMTUlMjBtYXJnLXNtLWIxNSUyMG1hcmcteHMtYjE1JTIyJTNFJTNDJTJGZGl2JTNFJTBBJTA5JTA5JTA5JTA5JTNDcCUyMGNsYXNzJTNEJTIyZi1iaWctdGl0dGxlJTIyJTNFUGFybGFjaSUyMGRlbCUyMHR1byUyMFByb2dldHRvJTNDJTJGcCUzRSUwQSUwOSUwOSUwOSUwOSUzQ2RpdiUyMGNsYXNzJTNEJTIyZW1wdHktc3BhY2UlMjAlMjBtYXJnLWxnLWIxMDAlMjBtYXJnLW1kLWI3MCUyMG1hcmctc20tYjcwJTIwbWFyZy14cy1iNTAlMjIlM0UlM0MlMkZkaXYlM0UlMEElMDklMDklMDklM0MlMkZhJTNFJTBBJTA5JTA5JTNDJTJGZGl2JTNFJTBBJTA5JTA5JTNDZGl2JTIwY2xhc3MlM0QlMjJjb2wtbWQtNiUyMHdvcmstd2l0aC11cyUyMiUzRSUwQSUwOSUwOSUwOSUzQ2ElMjBocmVmJTNEJTIyJTJGaXQlMkZjb250YWN0JTJGJTIyJTNFJTBBJTA5JTA5JTA5JTA5JTNDZGl2JTIwY2xhc3MlM0QlMjJlbXB0eS1zcGFjZSUyMCUyMG1hcmctbGctYjEwMCUyMG1hcmctbWQtYjcwJTIwbWFyZy1zbS1iNzAlMjBtYXJnLXhzLWI1MCUyMiUzRSUzQyUyRmRpdiUzRSUwQSUwOSUwOSUwOSUwOSUzQ3AlMjBjbGFzcyUzRCUyMmYtbGl0dGxlLXRpdHRsZSUyMiUzRUNvbnRhdHRhY2klM0MlMkZwJTNFJTBBJTA5JTA5JTA5JTA5JTNDZGl2JTIwY2xhc3MlM0QlMjJlbXB0eS1zcGFjZSUyMCUyMG1hcmctbGctYjE1JTIwbWFyZy1tZC1iMTUlMjBtYXJnLXNtLWIxNSUyMG1hcmcteHMtYjE1JTIyJTNFJTNDJTJGZGl2JTNFJTBBJTA5JTA5JTA5JTA5JTNDcCUyMGNsYXNzJTNEJTIyZi1iaWctdGl0dGxlJTIyJTNFQ29sbGFib3JhJTIwY29uJTIwTm9pJTNDJTJGcCUzRSUwQSUwOSUwOSUwOSUwOSUzQ2RpdiUyMGNsYXNzJTNEJTIyZW1wdHktc3BhY2UlMjAlMjBtYXJnLWxnLWIxMDAlMjBtYXJnLW1kLWI3MCUyMG1hcmctc20tYjcwJTIwbWFyZy14cy1iNTAlMjIlM0UlM0MlMkZkaXYlM0UlMEElMDklMDklMDklM0MlMkZhJTNFJTBBJTA5JTA5JTNDJTJGZGl2JTNFJTBBJTA5JTNDJTJGZGl2JTNFJTBBJTIwJTIwJTNDJTJGZGl2JTNF[\/vc_raw_html][\/vc_column][\/vc_row]<\/p>\n","protected":false},"author":1,"featured_media":0,"parent":0,"menu_order":0,"comment_status":"closed","ping_status":"closed","template":"page-templates\/blog-masonry.php","meta":{"footnotes":""},"class_list":["post-4171","page","type-page","status-publish","hentry"],"yoast_head":"<!-- This site is optimized with the Yoast SEO plugin v27.2 - https:\/\/yoast.com\/product\/yoast-seo-wordpress\/ -->\n<title>Blog \u2013 Elect<\/title>\n<meta name=\"description\" content=\"Il blog di marketing e sviluppo web di Elect fornisce suggerimenti, indicazioni e raccomandazioni per migliorare ogni attivit\u00e0 commerciale online.\" \/>\n<meta name=\"robots\" content=\"index, follow, max-snippet:-1, max-image-preview:large, max-video-preview:-1\" \/>\n<link rel=\"canonical\" href=\"https:\/\/elect.al\/it\/blog\/\" \/>\n<meta property=\"og:locale\" content=\"it_IT\" \/>\n<meta property=\"og:type\" content=\"article\" \/>\n<meta property=\"og:title\" content=\"Blog \u2013 Elect\" \/>\n<meta property=\"og:description\" content=\"Il blog di marketing e sviluppo web di Elect fornisce suggerimenti, indicazioni e raccomandazioni per migliorare ogni attivit\u00e0 commerciale online.\" \/>\n<meta property=\"og:url\" content=\"https:\/\/elect.al\/it\/blog\/\" \/>\n<meta property=\"og:site_name\" content=\"Elect\" \/>\n<meta property=\"article:modified_time\" content=\"2022-11-24T12:51:11+00:00\" \/>\n<meta name=\"twitter:card\" content=\"summary_large_image\" \/>\n<meta name=\"twitter:title\" content=\"Blog \u2013 Elect\" \/>\n<meta name=\"twitter:description\" content=\"Il blog di marketing e sviluppo web di Elect fornisce suggerimenti, indicazioni e raccomandazioni per migliorare ogni attivit\u00e0 commerciale online.\" \/>\n<meta name=\"twitter:label1\" content=\"Tempo di lettura stimato\" \/>\n\t<meta name=\"twitter:data1\" content=\"1 minuto\" \/>\n<script type=\"application\/ld+json\" class=\"yoast-schema-graph\">{\"@context\":\"https:\/\/schema.org\",\"@graph\":[{\"@type\":\"WebPage\",\"@id\":\"https:\/\/elect.al\/it\/blog\/\",\"url\":\"https:\/\/elect.al\/it\/blog\/\",\"name\":\"Blog \u2013 Elect\",\"isPartOf\":{\"@id\":\"https:\/\/elect.al\/#website\"},\"datePublished\":\"2020-03-13T22:36:54+00:00\",\"dateModified\":\"2022-11-24T12:51:11+00:00\",\"description\":\"Il blog di marketing e sviluppo web di Elect fornisce suggerimenti, indicazioni e raccomandazioni per migliorare ogni attivit\u00e0 commerciale online.\",\"breadcrumb\":{\"@id\":\"https:\/\/elect.al\/it\/blog\/#breadcrumb\"},\"inLanguage\":\"it-IT\",\"potentialAction\":[{\"@type\":\"ReadAction\",\"target\":[\"https:\/\/elect.al\/it\/blog\/\"]}]},{\"@type\":\"BreadcrumbList\",\"@id\":\"https:\/\/elect.al\/it\/blog\/#breadcrumb\",\"itemListElement\":[{\"@type\":\"ListItem\",\"position\":1,\"name\":\"Home\",\"item\":\"https:\/\/elect.al\/it\/\"},{\"@type\":\"ListItem\",\"position\":2,\"name\":\"Blog\"}]},{\"@type\":\"WebSite\",\"@id\":\"https:\/\/elect.al\/#website\",\"url\":\"https:\/\/elect.al\/\",\"name\":\"Elect\",\"description\":\"Web Agency\",\"potentialAction\":[{\"@type\":\"SearchAction\",\"target\":{\"@type\":\"EntryPoint\",\"urlTemplate\":\"https:\/\/elect.al\/?s={search_term_string}\"},\"query-input\":{\"@type\":\"PropertyValueSpecification\",\"valueRequired\":true,\"valueName\":\"search_term_string\"}}],\"inLanguage\":\"it-IT\"}]}<\/script>\n<!-- \/ Yoast SEO plugin. -->","yoast_head_json":{"title":"Blog \u2013 Elect","description":"Il blog di marketing e sviluppo web di Elect fornisce suggerimenti, indicazioni e raccomandazioni per migliorare ogni attivit\u00e0 commerciale online.","robots":{"index":"index","follow":"follow","max-snippet":"max-snippet:-1","max-image-preview":"max-image-preview:large","max-video-preview":"max-video-preview:-1"},"canonical":"https:\/\/elect.al\/it\/blog\/","og_locale":"it_IT","og_type":"article","og_title":"Blog \u2013 Elect","og_description":"Il blog di marketing e sviluppo web di Elect fornisce suggerimenti, indicazioni e raccomandazioni per migliorare ogni attivit\u00e0 commerciale online.","og_url":"https:\/\/elect.al\/it\/blog\/","og_site_name":"Elect","article_modified_time":"2022-11-24T12:51:11+00:00","twitter_card":"summary_large_image","twitter_title":"Blog \u2013 Elect","twitter_description":"Il blog di marketing e sviluppo web di Elect fornisce suggerimenti, indicazioni e raccomandazioni per migliorare ogni attivit\u00e0 commerciale online.","twitter_misc":{"Tempo di lettura stimato":"1 minuto"},"schema":{"@context":"https:\/\/schema.org","@graph":[{"@type":"WebPage","@id":"https:\/\/elect.al\/it\/blog\/","url":"https:\/\/elect.al\/it\/blog\/","name":"Blog \u2013 Elect","isPartOf":{"@id":"https:\/\/elect.al\/#website"},"datePublished":"2020-03-13T22:36:54+00:00","dateModified":"2022-11-24T12:51:11+00:00","description":"Il blog di marketing e sviluppo web di Elect fornisce suggerimenti, indicazioni e raccomandazioni per migliorare ogni attivit\u00e0 commerciale online.","breadcrumb":{"@id":"https:\/\/elect.al\/it\/blog\/#breadcrumb"},"inLanguage":"it-IT","potentialAction":[{"@type":"ReadAction","target":["https:\/\/elect.al\/it\/blog\/"]}]},{"@type":"BreadcrumbList","@id":"https:\/\/elect.al\/it\/blog\/#breadcrumb","itemListElement":[{"@type":"ListItem","position":1,"name":"Home","item":"https:\/\/elect.al\/it\/"},{"@type":"ListItem","position":2,"name":"Blog"}]},{"@type":"WebSite","@id":"https:\/\/elect.al\/#website","url":"https:\/\/elect.al\/","name":"Elect","description":"Web Agency","potentialAction":[{"@type":"SearchAction","target":{"@type":"EntryPoint","urlTemplate":"https:\/\/elect.al\/?s={search_term_string}"},"query-input":{"@type":"PropertyValueSpecification","valueRequired":true,"valueName":"search_term_string"}}],"inLanguage":"it-IT"}]}},"_links":{"self":[{"href":"https:\/\/elect.al\/it\/wp-json\/wp\/v2\/pages\/4171","targetHints":{"allow":["GET"]}}],"collection":[{"href":"https:\/\/elect.al\/it\/wp-json\/wp\/v2\/pages"}],"about":[{"href":"https:\/\/elect.al\/it\/wp-json\/wp\/v2\/types\/page"}],"author":[{"embeddable":true,"href":"https:\/\/elect.al\/it\/wp-json\/wp\/v2\/users\/1"}],"replies":[{"embeddable":true,"href":"https:\/\/elect.al\/it\/wp-json\/wp\/v2\/comments?post=4171"}],"version-history":[{"count":4,"href":"https:\/\/elect.al\/it\/wp-json\/wp\/v2\/pages\/4171\/revisions"}],"predecessor-version":[{"id":5889,"href":"https:\/\/elect.al\/it\/wp-json\/wp\/v2\/pages\/4171\/revisions\/5889"}],"wp:attachment":[{"href":"https:\/\/elect.al\/it\/wp-json\/wp\/v2\/media?parent=4171"}],"curies":[{"name":"wp","href":"https:\/\/api.w.org\/{rel}","templated":true}]}}